{"id":31917,"date":"2025-11-27T20:04:13","date_gmt":"2025-11-27T18:04:13","guid":{"rendered":"https:\/\/obender.eu\/toode\/accu-camelion-nimh-aaa-1000mah-bl4\/"},"modified":"2026-04-12T23:00:17","modified_gmt":"2026-04-12T20:00:17","slug":"accu-camelion-nimh-aaa-1000mah-bl4","status":"publish","type":"product","link":"https:\/\/obender.eu\/en\/toode\/accu-camelion-nimh-aaa-1000mah-bl4\/","title":{"rendered":"Accu Camelion NiMH AAA 1000mAh BL4"},"content":{"rendered":"<p>Accu Camelion NiMH AAA HR03<\/p>\n<p>Rechargeable battery 1000mAh<\/p>\n<p>BL4<\/p>\n<p>Product code: 17010403<\/p>\n<p>EAN: 4260033151889<\/p>\n<p>Charging at 0.1C: 0\u00b0 C to 50\u00b0 C<\/p>\n<p>Discharge at 0.1C: -20\u00b0 C to 50\u00b0 C<\/p>\n<p>Storage: -40\u00b0 C to 50\u00b0 C (max. 3 months), -20\u00b0 C to 35\u00b0 C (max. 2 years)<\/p>\n<p>Rechargeable: up to 1000 times<\/p>\n","protected":false},"excerpt":{"rendered":"<p>Accu Camelion NiMH AAA HR03 Rechargeable battery 1000mAh BL4 Product code: 17010403 EAN: 4260033151889 Charging at 0.1C: 0\u00b0 C to<\/p>\n","protected":false},"featured_media":31913,"template":"","meta":[],"product_brand":[],"product_cat":[269,266],"product_tag":[1790,631,638],"class_list":{"0":"post-31917","1":"product","2":"type-product","3":"status-publish","4":"has-post-thumbnail","6":"product_cat-nimh-rechargeable-batteries","7":"product_cat-batteries-chargers","8":"product_tag-accu","9":"product_tag-camelion-en","10":"product_tag-nimh-en","12":"first","13":"instock","14":"taxable","15":"shipping-taxable","16":"purchasable","17":"product-type-simple"},"yoast_head":"<!-- This site is optimized with the Yoast SEO Premium plugin v20.0 (Yoast SEO v27.3) - https:\/\/yoast.com\/product\/yoast-seo-premium-wordpress\/ -->\n<title>Accu Camelion NiMH AAA 1000mAh BL4 aku camelion - Obender 1000mAh<\/title>\n<meta name=\"robots\" content=\"index, follow, max-snippet:-1, max-image-preview:large, max-video-preview:-1\" \/>\n<link rel=\"canonical\" href=\"https:\/\/obender.eu\/en\/toode\/accu-camelion-nimh-aaa-1000mah-bl4\/\" \/>\n<meta property=\"og:locale\" content=\"en_US\" \/>\n<meta property=\"og:type\" content=\"article\" \/>\n<meta property=\"og:title\" content=\"Accu Camelion NiMH AAA 1000mAh BL4\" \/>\n<meta property=\"og:description\" content=\"Accu Camelion NiMH AAA HR03 Rechargeable battery 1000mAh BL4 Product code: 17010403 EAN: 4260033151889 Charging at 0.1C: 0\u00b0 C to\" \/>\n<meta property=\"og:url\" content=\"https:\/\/obender.eu\/en\/toode\/accu-camelion-nimh-aaa-1000mah-bl4\/\" \/>\n<meta property=\"og:site_name\" content=\"Obender\" \/>\n<meta property=\"article:modified_time\" content=\"2026-04-12T20:00:17+00:00\" \/>\n<meta property=\"og:image\" content=\"https:\/\/obender.eu\/wp-content\/uploads\/2025\/11\/4260033151889-1.jpg\" \/>\n\t<meta property=\"og:image:width\" content=\"800\" \/>\n\t<meta property=\"og:image:height\" content=\"800\" \/>\n\t<meta property=\"og:image:type\" content=\"image\/jpeg\" \/>\n<meta name=\"twitter:card\" content=\"summary_large_image\" \/>\n<meta name=\"twitter:label1\" content=\"Est. reading time\" \/>\n\t<meta name=\"twitter:data1\" content=\"1 minute\" \/>\n<script type=\"application\/ld+json\" class=\"yoast-schema-graph\">{\"@context\":\"https:\\\/\\\/schema.org\",\"@graph\":[{\"@type\":\"WebPage\",\"@id\":\"https:\\\/\\\/obender.eu\\\/en\\\/toode\\\/accu-camelion-nimh-aaa-1000mah-bl4\\\/\",\"url\":\"https:\\\/\\\/obender.eu\\\/en\\\/toode\\\/accu-camelion-nimh-aaa-1000mah-bl4\\\/\",\"name\":\"Accu Camelion NiMH AAA 1000mAh BL4 aku camelion - Obender 1000mAh\",\"isPartOf\":{\"@id\":\"https:\\\/\\\/www.obender.eu\\\/#website\"},\"primaryImageOfPage\":{\"@id\":\"https:\\\/\\\/obender.eu\\\/en\\\/toode\\\/accu-camelion-nimh-aaa-1000mah-bl4\\\/#primaryimage\"},\"image\":{\"@id\":\"https:\\\/\\\/obender.eu\\\/en\\\/toode\\\/accu-camelion-nimh-aaa-1000mah-bl4\\\/#primaryimage\"},\"thumbnailUrl\":\"https:\\\/\\\/obender.eu\\\/wp-content\\\/uploads\\\/2025\\\/11\\\/4260033151889-1.jpg\",\"datePublished\":\"2025-11-27T18:04:13+00:00\",\"dateModified\":\"2026-04-12T20:00:17+00:00\",\"breadcrumb\":{\"@id\":\"https:\\\/\\\/obender.eu\\\/en\\\/toode\\\/accu-camelion-nimh-aaa-1000mah-bl4\\\/#breadcrumb\"},\"inLanguage\":\"en-US\",\"potentialAction\":[{\"@type\":\"ReadAction\",\"target\":[\"https:\\\/\\\/obender.eu\\\/en\\\/toode\\\/accu-camelion-nimh-aaa-1000mah-bl4\\\/\"]}]},{\"@type\":\"ImageObject\",\"inLanguage\":\"en-US\",\"@id\":\"https:\\\/\\\/obender.eu\\\/en\\\/toode\\\/accu-camelion-nimh-aaa-1000mah-bl4\\\/#primaryimage\",\"url\":\"https:\\\/\\\/obender.eu\\\/wp-content\\\/uploads\\\/2025\\\/11\\\/4260033151889-1.jpg\",\"contentUrl\":\"https:\\\/\\\/obender.eu\\\/wp-content\\\/uploads\\\/2025\\\/11\\\/4260033151889-1.jpg\",\"width\":800,\"height\":800},{\"@type\":\"BreadcrumbList\",\"@id\":\"https:\\\/\\\/obender.eu\\\/en\\\/toode\\\/accu-camelion-nimh-aaa-1000mah-bl4\\\/#breadcrumb\",\"itemListElement\":[{\"@type\":\"ListItem\",\"position\":1,\"name\":\"Home\",\"item\":\"https:\\\/\\\/obender.eu\\\/en\\\/\"},{\"@type\":\"ListItem\",\"position\":2,\"name\":\"Tooted\",\"item\":\"https:\\\/\\\/www.obender.eu\\\/tooted\\\/\"},{\"@type\":\"ListItem\",\"position\":3,\"name\":\"Accu Camelion NiMH AAA 1000mAh BL4\"}]},{\"@type\":\"WebSite\",\"@id\":\"https:\\\/\\\/www.obender.eu\\\/#website\",\"url\":\"https:\\\/\\\/www.obender.eu\\\/\",\"name\":\"Obender\",\"description\":\"T\u00f6\u00f6stuskaupade hulgim\u00fc\u00fck\",\"potentialAction\":[{\"@type\":\"SearchAction\",\"target\":{\"@type\":\"EntryPoint\",\"urlTemplate\":\"https:\\\/\\\/www.obender.eu\\\/?s={search_term_string}\"},\"query-input\":{\"@type\":\"PropertyValueSpecification\",\"valueRequired\":true,\"valueName\":\"search_term_string\"}}],\"inLanguage\":\"en-US\"}]}<\/script>\n<!-- \/ Yoast SEO Premium plugin. -->","yoast_head_json":{"title":"Accu Camelion NiMH AAA 1000mAh BL4 aku camelion - Obender 1000mAh","robots":{"index":"index","follow":"follow","max-snippet":"max-snippet:-1","max-image-preview":"max-image-preview:large","max-video-preview":"max-video-preview:-1"},"canonical":"https:\/\/obender.eu\/en\/toode\/accu-camelion-nimh-aaa-1000mah-bl4\/","og_locale":"en_US","og_type":"article","og_title":"Accu Camelion NiMH AAA 1000mAh BL4","og_description":"Accu Camelion NiMH AAA HR03 Rechargeable battery 1000mAh BL4 Product code: 17010403 EAN: 4260033151889 Charging at 0.1C: 0\u00b0 C to","og_url":"https:\/\/obender.eu\/en\/toode\/accu-camelion-nimh-aaa-1000mah-bl4\/","og_site_name":"Obender","article_modified_time":"2026-04-12T20:00:17+00:00","og_image":[{"width":800,"height":800,"url":"https:\/\/obender.eu\/wp-content\/uploads\/2025\/11\/4260033151889-1.jpg","type":"image\/jpeg"}],"twitter_card":"summary_large_image","twitter_misc":{"Est. reading time":"1 minute"},"schema":{"@context":"https:\/\/schema.org","@graph":[{"@type":"WebPage","@id":"https:\/\/obender.eu\/en\/toode\/accu-camelion-nimh-aaa-1000mah-bl4\/","url":"https:\/\/obender.eu\/en\/toode\/accu-camelion-nimh-aaa-1000mah-bl4\/","name":"Accu Camelion NiMH AAA 1000mAh BL4 aku camelion - Obender 1000mAh","isPartOf":{"@id":"https:\/\/www.obender.eu\/#website"},"primaryImageOfPage":{"@id":"https:\/\/obender.eu\/en\/toode\/accu-camelion-nimh-aaa-1000mah-bl4\/#primaryimage"},"image":{"@id":"https:\/\/obender.eu\/en\/toode\/accu-camelion-nimh-aaa-1000mah-bl4\/#primaryimage"},"thumbnailUrl":"https:\/\/obender.eu\/wp-content\/uploads\/2025\/11\/4260033151889-1.jpg","datePublished":"2025-11-27T18:04:13+00:00","dateModified":"2026-04-12T20:00:17+00:00","breadcrumb":{"@id":"https:\/\/obender.eu\/en\/toode\/accu-camelion-nimh-aaa-1000mah-bl4\/#breadcrumb"},"inLanguage":"en-US","potentialAction":[{"@type":"ReadAction","target":["https:\/\/obender.eu\/en\/toode\/accu-camelion-nimh-aaa-1000mah-bl4\/"]}]},{"@type":"ImageObject","inLanguage":"en-US","@id":"https:\/\/obender.eu\/en\/toode\/accu-camelion-nimh-aaa-1000mah-bl4\/#primaryimage","url":"https:\/\/obender.eu\/wp-content\/uploads\/2025\/11\/4260033151889-1.jpg","contentUrl":"https:\/\/obender.eu\/wp-content\/uploads\/2025\/11\/4260033151889-1.jpg","width":800,"height":800},{"@type":"BreadcrumbList","@id":"https:\/\/obender.eu\/en\/toode\/accu-camelion-nimh-aaa-1000mah-bl4\/#breadcrumb","itemListElement":[{"@type":"ListItem","position":1,"name":"Home","item":"https:\/\/obender.eu\/en\/"},{"@type":"ListItem","position":2,"name":"Tooted","item":"https:\/\/www.obender.eu\/tooted\/"},{"@type":"ListItem","position":3,"name":"Accu Camelion NiMH AAA 1000mAh BL4"}]},{"@type":"WebSite","@id":"https:\/\/www.obender.eu\/#website","url":"https:\/\/www.obender.eu\/","name":"Obender","description":"T\u00f6\u00f6stuskaupade hulgim\u00fc\u00fck","potentialAction":[{"@type":"SearchAction","target":{"@type":"EntryPoint","urlTemplate":"https:\/\/www.obender.eu\/?s={search_term_string}"},"query-input":{"@type":"PropertyValueSpecification","valueRequired":true,"valueName":"search_term_string"}}],"inLanguage":"en-US"}]}},"_links":{"self":[{"href":"https:\/\/obender.eu\/en\/wp-json\/wp\/v2\/product\/31917","targetHints":{"allow":["GET"]}}],"collection":[{"href":"https:\/\/obender.eu\/en\/wp-json\/wp\/v2\/product"}],"about":[{"href":"https:\/\/obender.eu\/en\/wp-json\/wp\/v2\/types\/product"}],"version-history":[{"count":1,"href":"https:\/\/obender.eu\/en\/wp-json\/wp\/v2\/product\/31917\/revisions"}],"predecessor-version":[{"id":31920,"href":"https:\/\/obender.eu\/en\/wp-json\/wp\/v2\/product\/31917\/revisions\/31920"}],"wp:featuredmedia":[{"embeddable":true,"href":"https:\/\/obender.eu\/en\/wp-json\/wp\/v2\/media\/31913"}],"wp:attachment":[{"href":"https:\/\/obender.eu\/en\/wp-json\/wp\/v2\/media?parent=31917"}],"wp:term":[{"taxonomy":"product_brand","embeddable":true,"href":"https:\/\/obender.eu\/en\/wp-json\/wp\/v2\/product_brand?post=31917"},{"taxonomy":"product_cat","embeddable":true,"href":"https:\/\/obender.eu\/en\/wp-json\/wp\/v2\/product_cat?post=31917"},{"taxonomy":"product_tag","embeddable":true,"href":"https:\/\/obender.eu\/en\/wp-json\/wp\/v2\/product_tag?post=31917"}],"curies":[{"name":"wp","href":"https:\/\/api.w.org\/{rel}","templated":true}]}}