{"id":31931,"date":"2025-11-27T20:27:08","date_gmt":"2025-11-27T18:27:08","guid":{"rendered":"https:\/\/obender.eu\/toode\/camelion-digi-alkaline-battery-6lr61-700mah-bl1\/"},"modified":"2026-04-12T23:00:15","modified_gmt":"2026-04-12T20:00:15","slug":"camelion-digi-alkaline-battery-6lr61-700mah-bl1","status":"publish","type":"product","link":"https:\/\/obender.eu\/en\/toode\/camelion-digi-alkaline-battery-6lr61-700mah-bl1\/","title":{"rendered":"Camelion Digi alkaline battery 6LR61 700mAh BL1"},"content":{"rendered":"<p>Camelion Digi alkaline battry 6LR61 BL1<\/p>\n<p>Product code: 11210122<\/p>\n<p>EAN: 4260216454028<\/p>\n<p>Capacity: 700mAh<\/p>\n<p>Application temperature: -18\u00b0 to +55\u00b0 C<br \/>\nStorage temperature: 15\u00b0 to 25\u00b0 C<br \/>\nBest before: 10 years<\/p>\n","protected":false},"excerpt":{"rendered":"<p>Camelion Digi alkaline battry 6LR61 BL1 Product code: 11210122 EAN: 4260216454028 Capacity: 700mAh Application temperature: -18\u00b0 to +55\u00b0 C Storage<\/p>\n","protected":false},"featured_media":31929,"template":"","meta":[],"product_brand":[],"product_cat":[287,286],"product_tag":[691,680,873,631,874],"class_list":{"0":"post-31931","1":"product","2":"type-product","3":"status-publish","4":"has-post-thumbnail","6":"product_cat-alkaline-batteries","7":"product_cat-batteries","8":"product_tag-6lr61-en","9":"product_tag-alkaline-en","10":"product_tag-battery-en","11":"product_tag-camelion-en","12":"product_tag-patarei-en","14":"first","15":"instock","16":"taxable","17":"shipping-taxable","18":"purchasable","19":"product-type-simple"},"yoast_head":"<!-- This site is optimized with the Yoast SEO Premium plugin v20.0 (Yoast SEO v27.3) - https:\/\/yoast.com\/product\/yoast-seo-premium-wordpress\/ -->\n<title>Camelion Digi alkaline battery 6LR61 700mAh BL1 camelion - Obender 6LR61<\/title>\n<meta name=\"robots\" content=\"index, follow, max-snippet:-1, max-image-preview:large, max-video-preview:-1\" \/>\n<link rel=\"canonical\" href=\"https:\/\/obender.eu\/en\/toode\/camelion-digi-alkaline-battery-6lr61-700mah-bl1\/\" \/>\n<meta property=\"og:locale\" content=\"en_US\" \/>\n<meta property=\"og:type\" content=\"article\" \/>\n<meta property=\"og:title\" content=\"Camelion Digi alkaline battery 6LR61 700mAh BL1\" \/>\n<meta property=\"og:description\" content=\"Camelion Digi alkaline battry 6LR61 BL1 Product code: 11210122 EAN: 4260216454028 Capacity: 700mAh Application temperature: -18\u00b0 to +55\u00b0 C Storage\" \/>\n<meta property=\"og:url\" content=\"https:\/\/obender.eu\/en\/toode\/camelion-digi-alkaline-battery-6lr61-700mah-bl1\/\" \/>\n<meta property=\"og:site_name\" content=\"Obender\" \/>\n<meta property=\"article:modified_time\" content=\"2026-04-12T20:00:15+00:00\" \/>\n<meta property=\"og:image\" content=\"https:\/\/obender.eu\/wp-content\/uploads\/2025\/11\/11210122.jpg\" \/>\n\t<meta property=\"og:image:width\" content=\"800\" \/>\n\t<meta property=\"og:image:height\" content=\"800\" \/>\n\t<meta property=\"og:image:type\" content=\"image\/jpeg\" \/>\n<meta name=\"twitter:card\" content=\"summary_large_image\" \/>\n<meta name=\"twitter:label1\" content=\"Est. reading time\" \/>\n\t<meta name=\"twitter:data1\" content=\"1 minute\" \/>\n<script type=\"application\/ld+json\" class=\"yoast-schema-graph\">{\"@context\":\"https:\\\/\\\/schema.org\",\"@graph\":[{\"@type\":\"WebPage\",\"@id\":\"https:\\\/\\\/obender.eu\\\/en\\\/toode\\\/camelion-digi-alkaline-battery-6lr61-700mah-bl1\\\/\",\"url\":\"https:\\\/\\\/obender.eu\\\/en\\\/toode\\\/camelion-digi-alkaline-battery-6lr61-700mah-bl1\\\/\",\"name\":\"Camelion Digi alkaline battery 6LR61 700mAh BL1 camelion - Obender 6LR61\",\"isPartOf\":{\"@id\":\"https:\\\/\\\/www.obender.eu\\\/#website\"},\"primaryImageOfPage\":{\"@id\":\"https:\\\/\\\/obender.eu\\\/en\\\/toode\\\/camelion-digi-alkaline-battery-6lr61-700mah-bl1\\\/#primaryimage\"},\"image\":{\"@id\":\"https:\\\/\\\/obender.eu\\\/en\\\/toode\\\/camelion-digi-alkaline-battery-6lr61-700mah-bl1\\\/#primaryimage\"},\"thumbnailUrl\":\"https:\\\/\\\/obender.eu\\\/wp-content\\\/uploads\\\/2025\\\/11\\\/11210122.jpg\",\"datePublished\":\"2025-11-27T18:27:08+00:00\",\"dateModified\":\"2026-04-12T20:00:15+00:00\",\"breadcrumb\":{\"@id\":\"https:\\\/\\\/obender.eu\\\/en\\\/toode\\\/camelion-digi-alkaline-battery-6lr61-700mah-bl1\\\/#breadcrumb\"},\"inLanguage\":\"en-US\",\"potentialAction\":[{\"@type\":\"ReadAction\",\"target\":[\"https:\\\/\\\/obender.eu\\\/en\\\/toode\\\/camelion-digi-alkaline-battery-6lr61-700mah-bl1\\\/\"]}]},{\"@type\":\"ImageObject\",\"inLanguage\":\"en-US\",\"@id\":\"https:\\\/\\\/obender.eu\\\/en\\\/toode\\\/camelion-digi-alkaline-battery-6lr61-700mah-bl1\\\/#primaryimage\",\"url\":\"https:\\\/\\\/obender.eu\\\/wp-content\\\/uploads\\\/2025\\\/11\\\/11210122.jpg\",\"contentUrl\":\"https:\\\/\\\/obender.eu\\\/wp-content\\\/uploads\\\/2025\\\/11\\\/11210122.jpg\",\"width\":800,\"height\":800},{\"@type\":\"BreadcrumbList\",\"@id\":\"https:\\\/\\\/obender.eu\\\/en\\\/toode\\\/camelion-digi-alkaline-battery-6lr61-700mah-bl1\\\/#breadcrumb\",\"itemListElement\":[{\"@type\":\"ListItem\",\"position\":1,\"name\":\"Home\",\"item\":\"https:\\\/\\\/obender.eu\\\/en\\\/\"},{\"@type\":\"ListItem\",\"position\":2,\"name\":\"Tooted\",\"item\":\"https:\\\/\\\/www.obender.eu\\\/tooted\\\/\"},{\"@type\":\"ListItem\",\"position\":3,\"name\":\"Camelion Digi alkaline battery 6LR61 700mAh BL1\"}]},{\"@type\":\"WebSite\",\"@id\":\"https:\\\/\\\/www.obender.eu\\\/#website\",\"url\":\"https:\\\/\\\/www.obender.eu\\\/\",\"name\":\"Obender\",\"description\":\"T\u00f6\u00f6stuskaupade hulgim\u00fc\u00fck\",\"potentialAction\":[{\"@type\":\"SearchAction\",\"target\":{\"@type\":\"EntryPoint\",\"urlTemplate\":\"https:\\\/\\\/www.obender.eu\\\/?s={search_term_string}\"},\"query-input\":{\"@type\":\"PropertyValueSpecification\",\"valueRequired\":true,\"valueName\":\"search_term_string\"}}],\"inLanguage\":\"en-US\"}]}<\/script>\n<!-- \/ Yoast SEO Premium plugin. -->","yoast_head_json":{"title":"Camelion Digi alkaline battery 6LR61 700mAh BL1 camelion - Obender 6LR61","robots":{"index":"index","follow":"follow","max-snippet":"max-snippet:-1","max-image-preview":"max-image-preview:large","max-video-preview":"max-video-preview:-1"},"canonical":"https:\/\/obender.eu\/en\/toode\/camelion-digi-alkaline-battery-6lr61-700mah-bl1\/","og_locale":"en_US","og_type":"article","og_title":"Camelion Digi alkaline battery 6LR61 700mAh BL1","og_description":"Camelion Digi alkaline battry 6LR61 BL1 Product code: 11210122 EAN: 4260216454028 Capacity: 700mAh Application temperature: -18\u00b0 to +55\u00b0 C Storage","og_url":"https:\/\/obender.eu\/en\/toode\/camelion-digi-alkaline-battery-6lr61-700mah-bl1\/","og_site_name":"Obender","article_modified_time":"2026-04-12T20:00:15+00:00","og_image":[{"width":800,"height":800,"url":"https:\/\/obender.eu\/wp-content\/uploads\/2025\/11\/11210122.jpg","type":"image\/jpeg"}],"twitter_card":"summary_large_image","twitter_misc":{"Est. reading time":"1 minute"},"schema":{"@context":"https:\/\/schema.org","@graph":[{"@type":"WebPage","@id":"https:\/\/obender.eu\/en\/toode\/camelion-digi-alkaline-battery-6lr61-700mah-bl1\/","url":"https:\/\/obender.eu\/en\/toode\/camelion-digi-alkaline-battery-6lr61-700mah-bl1\/","name":"Camelion Digi alkaline battery 6LR61 700mAh BL1 camelion - Obender 6LR61","isPartOf":{"@id":"https:\/\/www.obender.eu\/#website"},"primaryImageOfPage":{"@id":"https:\/\/obender.eu\/en\/toode\/camelion-digi-alkaline-battery-6lr61-700mah-bl1\/#primaryimage"},"image":{"@id":"https:\/\/obender.eu\/en\/toode\/camelion-digi-alkaline-battery-6lr61-700mah-bl1\/#primaryimage"},"thumbnailUrl":"https:\/\/obender.eu\/wp-content\/uploads\/2025\/11\/11210122.jpg","datePublished":"2025-11-27T18:27:08+00:00","dateModified":"2026-04-12T20:00:15+00:00","breadcrumb":{"@id":"https:\/\/obender.eu\/en\/toode\/camelion-digi-alkaline-battery-6lr61-700mah-bl1\/#breadcrumb"},"inLanguage":"en-US","potentialAction":[{"@type":"ReadAction","target":["https:\/\/obender.eu\/en\/toode\/camelion-digi-alkaline-battery-6lr61-700mah-bl1\/"]}]},{"@type":"ImageObject","inLanguage":"en-US","@id":"https:\/\/obender.eu\/en\/toode\/camelion-digi-alkaline-battery-6lr61-700mah-bl1\/#primaryimage","url":"https:\/\/obender.eu\/wp-content\/uploads\/2025\/11\/11210122.jpg","contentUrl":"https:\/\/obender.eu\/wp-content\/uploads\/2025\/11\/11210122.jpg","width":800,"height":800},{"@type":"BreadcrumbList","@id":"https:\/\/obender.eu\/en\/toode\/camelion-digi-alkaline-battery-6lr61-700mah-bl1\/#breadcrumb","itemListElement":[{"@type":"ListItem","position":1,"name":"Home","item":"https:\/\/obender.eu\/en\/"},{"@type":"ListItem","position":2,"name":"Tooted","item":"https:\/\/www.obender.eu\/tooted\/"},{"@type":"ListItem","position":3,"name":"Camelion Digi alkaline battery 6LR61 700mAh BL1"}]},{"@type":"WebSite","@id":"https:\/\/www.obender.eu\/#website","url":"https:\/\/www.obender.eu\/","name":"Obender","description":"T\u00f6\u00f6stuskaupade hulgim\u00fc\u00fck","potentialAction":[{"@type":"SearchAction","target":{"@type":"EntryPoint","urlTemplate":"https:\/\/www.obender.eu\/?s={search_term_string}"},"query-input":{"@type":"PropertyValueSpecification","valueRequired":true,"valueName":"search_term_string"}}],"inLanguage":"en-US"}]}},"_links":{"self":[{"href":"https:\/\/obender.eu\/en\/wp-json\/wp\/v2\/product\/31931","targetHints":{"allow":["GET"]}}],"collection":[{"href":"https:\/\/obender.eu\/en\/wp-json\/wp\/v2\/product"}],"about":[{"href":"https:\/\/obender.eu\/en\/wp-json\/wp\/v2\/types\/product"}],"version-history":[{"count":1,"href":"https:\/\/obender.eu\/en\/wp-json\/wp\/v2\/product\/31931\/revisions"}],"predecessor-version":[{"id":31932,"href":"https:\/\/obender.eu\/en\/wp-json\/wp\/v2\/product\/31931\/revisions\/31932"}],"wp:featuredmedia":[{"embeddable":true,"href":"https:\/\/obender.eu\/en\/wp-json\/wp\/v2\/media\/31929"}],"wp:attachment":[{"href":"https:\/\/obender.eu\/en\/wp-json\/wp\/v2\/media?parent=31931"}],"wp:term":[{"taxonomy":"product_brand","embeddable":true,"href":"https:\/\/obender.eu\/en\/wp-json\/wp\/v2\/product_brand?post=31931"},{"taxonomy":"product_cat","embeddable":true,"href":"https:\/\/obender.eu\/en\/wp-json\/wp\/v2\/product_cat?post=31931"},{"taxonomy":"product_tag","embeddable":true,"href":"https:\/\/obender.eu\/en\/wp-json\/wp\/v2\/product_tag?post=31931"}],"curies":[{"name":"wp","href":"https:\/\/api.w.org\/{rel}","templated":true}]}}