{"id":31978,"date":"2025-12-10T19:43:13","date_gmt":"2025-12-10T17:43:13","guid":{"rendered":"https:\/\/obender.eu\/toode\/pendrive-platinet-usb-2-0-64gb-waterproof\/"},"modified":"2026-04-29T02:00:31","modified_gmt":"2026-04-28T23:00:31","slug":"pendrive-platinet-usb-2-0-64gb-waterproof","status":"publish","type":"product","link":"https:\/\/obender.eu\/en\/toode\/pendrive-platinet-usb-2-0-64gb-waterproof\/","title":{"rendered":"Pendrive Platinet USB 2.0 64GB waterproof"},"content":{"rendered":"<p>Pendrive Platinet S-Depo<\/p>\n<p>USB 2.0<\/p>\n<p>Product code: PMFMS64<\/p>\n<p>EAN: 5907595448482<\/p>\n<p>Capacity 64GB<\/p>\n<p>Waterproof flash drive<\/p>\n","protected":false},"excerpt":{"rendered":"<p>Pendrive Platinet S-Depo USB 2.0 Product code: PMFMS64 EAN: 5907595448482 Capacity 64GB Waterproof flash drive<\/p>\n","protected":false},"featured_media":31976,"template":"","meta":[],"product_brand":[],"product_cat":[395,299],"product_tag":[1270,1269,1791,468],"class_list":{"0":"post-31978","1":"product","2":"type-product","3":"status-publish","4":"has-post-thumbnail","6":"product_cat-recording-accessories","7":"product_cat-phone-holders-and-chargers","8":"product_tag-flash-drive-en","9":"product_tag-malupulk-en","10":"product_tag-pendrive","11":"product_tag-platinet-en","13":"first","14":"instock","15":"taxable","16":"shipping-taxable","17":"purchasable","18":"product-type-simple"},"yoast_head":"<!-- This site is optimized with the Yoast SEO Premium plugin v20.0 (Yoast SEO v27.5) - https:\/\/yoast.com\/product\/yoast-seo-premium-wordpress\/ -->\n<title>pendrive platinet usb 64gb<\/title>\n<meta name=\"robots\" content=\"index, follow, max-snippet:-1, max-image-preview:large, max-video-preview:-1\" \/>\n<link rel=\"canonical\" href=\"https:\/\/obender.eu\/en\/toode\/pendrive-platinet-usb-2-0-64gb-waterproof\/\" \/>\n<meta property=\"og:locale\" content=\"en_US\" \/>\n<meta property=\"og:type\" content=\"article\" \/>\n<meta property=\"og:title\" content=\"Pendrive Platinet USB 2.0 64GB waterproof\" \/>\n<meta property=\"og:description\" content=\"Pendrive Platinet S-Depo USB 2.0 Product code: PMFMS64 EAN: 5907595448482 Capacity 64GB Waterproof flash drive\" \/>\n<meta property=\"og:url\" content=\"https:\/\/obender.eu\/en\/toode\/pendrive-platinet-usb-2-0-64gb-waterproof\/\" \/>\n<meta property=\"og:site_name\" content=\"Obender\" \/>\n<meta property=\"article:modified_time\" content=\"2026-04-28T23:00:31+00:00\" \/>\n<meta property=\"og:image\" content=\"https:\/\/obender.eu\/wp-content\/uploads\/2025\/12\/PMFMS64.jpg\" \/>\n\t<meta property=\"og:image:width\" content=\"400\" \/>\n\t<meta property=\"og:image:height\" content=\"400\" \/>\n\t<meta property=\"og:image:type\" content=\"image\/jpeg\" \/>\n<meta name=\"twitter:card\" content=\"summary_large_image\" \/>\n<meta name=\"twitter:label1\" content=\"Est. reading time\" \/>\n\t<meta name=\"twitter:data1\" content=\"1 minute\" \/>\n<script type=\"application\/ld+json\" class=\"yoast-schema-graph\">{\"@context\":\"https:\\\/\\\/schema.org\",\"@graph\":[{\"@type\":\"WebPage\",\"@id\":\"https:\\\/\\\/obender.eu\\\/en\\\/toode\\\/pendrive-platinet-usb-2-0-64gb-waterproof\\\/\",\"url\":\"https:\\\/\\\/obender.eu\\\/en\\\/toode\\\/pendrive-platinet-usb-2-0-64gb-waterproof\\\/\",\"name\":\"pendrive platinet usb 64gb\",\"isPartOf\":{\"@id\":\"https:\\\/\\\/www.obender.eu\\\/#website\"},\"primaryImageOfPage\":{\"@id\":\"https:\\\/\\\/obender.eu\\\/en\\\/toode\\\/pendrive-platinet-usb-2-0-64gb-waterproof\\\/#primaryimage\"},\"image\":{\"@id\":\"https:\\\/\\\/obender.eu\\\/en\\\/toode\\\/pendrive-platinet-usb-2-0-64gb-waterproof\\\/#primaryimage\"},\"thumbnailUrl\":\"https:\\\/\\\/obender.eu\\\/wp-content\\\/uploads\\\/2025\\\/12\\\/PMFMS64.jpg\",\"datePublished\":\"2025-12-10T17:43:13+00:00\",\"dateModified\":\"2026-04-28T23:00:31+00:00\",\"breadcrumb\":{\"@id\":\"https:\\\/\\\/obender.eu\\\/en\\\/toode\\\/pendrive-platinet-usb-2-0-64gb-waterproof\\\/#breadcrumb\"},\"inLanguage\":\"en-US\",\"potentialAction\":[{\"@type\":\"ReadAction\",\"target\":[\"https:\\\/\\\/obender.eu\\\/en\\\/toode\\\/pendrive-platinet-usb-2-0-64gb-waterproof\\\/\"]}]},{\"@type\":\"ImageObject\",\"inLanguage\":\"en-US\",\"@id\":\"https:\\\/\\\/obender.eu\\\/en\\\/toode\\\/pendrive-platinet-usb-2-0-64gb-waterproof\\\/#primaryimage\",\"url\":\"https:\\\/\\\/obender.eu\\\/wp-content\\\/uploads\\\/2025\\\/12\\\/PMFMS64.jpg\",\"contentUrl\":\"https:\\\/\\\/obender.eu\\\/wp-content\\\/uploads\\\/2025\\\/12\\\/PMFMS64.jpg\",\"width\":400,\"height\":400},{\"@type\":\"BreadcrumbList\",\"@id\":\"https:\\\/\\\/obender.eu\\\/en\\\/toode\\\/pendrive-platinet-usb-2-0-64gb-waterproof\\\/#breadcrumb\",\"itemListElement\":[{\"@type\":\"ListItem\",\"position\":1,\"name\":\"Home\",\"item\":\"https:\\\/\\\/obender.eu\\\/en\\\/\"},{\"@type\":\"ListItem\",\"position\":2,\"name\":\"Tooted\",\"item\":\"https:\\\/\\\/www.obender.eu\\\/tooted\\\/\"},{\"@type\":\"ListItem\",\"position\":3,\"name\":\"Pendrive Platinet USB 2.0 64GB waterproof\"}]},{\"@type\":\"WebSite\",\"@id\":\"https:\\\/\\\/www.obender.eu\\\/#website\",\"url\":\"https:\\\/\\\/www.obender.eu\\\/\",\"name\":\"Obender\",\"description\":\"T\u00f6\u00f6stuskaupade hulgim\u00fc\u00fck\",\"potentialAction\":[{\"@type\":\"SearchAction\",\"target\":{\"@type\":\"EntryPoint\",\"urlTemplate\":\"https:\\\/\\\/www.obender.eu\\\/?s={search_term_string}\"},\"query-input\":{\"@type\":\"PropertyValueSpecification\",\"valueRequired\":true,\"valueName\":\"search_term_string\"}}],\"inLanguage\":\"en-US\"}]}<\/script>\n<!-- \/ Yoast SEO Premium plugin. -->","yoast_head_json":{"title":"pendrive platinet usb 64gb","robots":{"index":"index","follow":"follow","max-snippet":"max-snippet:-1","max-image-preview":"max-image-preview:large","max-video-preview":"max-video-preview:-1"},"canonical":"https:\/\/obender.eu\/en\/toode\/pendrive-platinet-usb-2-0-64gb-waterproof\/","og_locale":"en_US","og_type":"article","og_title":"Pendrive Platinet USB 2.0 64GB waterproof","og_description":"Pendrive Platinet S-Depo USB 2.0 Product code: PMFMS64 EAN: 5907595448482 Capacity 64GB Waterproof flash drive","og_url":"https:\/\/obender.eu\/en\/toode\/pendrive-platinet-usb-2-0-64gb-waterproof\/","og_site_name":"Obender","article_modified_time":"2026-04-28T23:00:31+00:00","og_image":[{"width":400,"height":400,"url":"https:\/\/obender.eu\/wp-content\/uploads\/2025\/12\/PMFMS64.jpg","type":"image\/jpeg"}],"twitter_card":"summary_large_image","twitter_misc":{"Est. reading time":"1 minute"},"schema":{"@context":"https:\/\/schema.org","@graph":[{"@type":"WebPage","@id":"https:\/\/obender.eu\/en\/toode\/pendrive-platinet-usb-2-0-64gb-waterproof\/","url":"https:\/\/obender.eu\/en\/toode\/pendrive-platinet-usb-2-0-64gb-waterproof\/","name":"pendrive platinet usb 64gb","isPartOf":{"@id":"https:\/\/www.obender.eu\/#website"},"primaryImageOfPage":{"@id":"https:\/\/obender.eu\/en\/toode\/pendrive-platinet-usb-2-0-64gb-waterproof\/#primaryimage"},"image":{"@id":"https:\/\/obender.eu\/en\/toode\/pendrive-platinet-usb-2-0-64gb-waterproof\/#primaryimage"},"thumbnailUrl":"https:\/\/obender.eu\/wp-content\/uploads\/2025\/12\/PMFMS64.jpg","datePublished":"2025-12-10T17:43:13+00:00","dateModified":"2026-04-28T23:00:31+00:00","breadcrumb":{"@id":"https:\/\/obender.eu\/en\/toode\/pendrive-platinet-usb-2-0-64gb-waterproof\/#breadcrumb"},"inLanguage":"en-US","potentialAction":[{"@type":"ReadAction","target":["https:\/\/obender.eu\/en\/toode\/pendrive-platinet-usb-2-0-64gb-waterproof\/"]}]},{"@type":"ImageObject","inLanguage":"en-US","@id":"https:\/\/obender.eu\/en\/toode\/pendrive-platinet-usb-2-0-64gb-waterproof\/#primaryimage","url":"https:\/\/obender.eu\/wp-content\/uploads\/2025\/12\/PMFMS64.jpg","contentUrl":"https:\/\/obender.eu\/wp-content\/uploads\/2025\/12\/PMFMS64.jpg","width":400,"height":400},{"@type":"BreadcrumbList","@id":"https:\/\/obender.eu\/en\/toode\/pendrive-platinet-usb-2-0-64gb-waterproof\/#breadcrumb","itemListElement":[{"@type":"ListItem","position":1,"name":"Home","item":"https:\/\/obender.eu\/en\/"},{"@type":"ListItem","position":2,"name":"Tooted","item":"https:\/\/www.obender.eu\/tooted\/"},{"@type":"ListItem","position":3,"name":"Pendrive Platinet USB 2.0 64GB waterproof"}]},{"@type":"WebSite","@id":"https:\/\/www.obender.eu\/#website","url":"https:\/\/www.obender.eu\/","name":"Obender","description":"T\u00f6\u00f6stuskaupade hulgim\u00fc\u00fck","potentialAction":[{"@type":"SearchAction","target":{"@type":"EntryPoint","urlTemplate":"https:\/\/www.obender.eu\/?s={search_term_string}"},"query-input":{"@type":"PropertyValueSpecification","valueRequired":true,"valueName":"search_term_string"}}],"inLanguage":"en-US"}]}},"_links":{"self":[{"href":"https:\/\/obender.eu\/en\/wp-json\/wp\/v2\/product\/31978","targetHints":{"allow":["GET"]}}],"collection":[{"href":"https:\/\/obender.eu\/en\/wp-json\/wp\/v2\/product"}],"about":[{"href":"https:\/\/obender.eu\/en\/wp-json\/wp\/v2\/types\/product"}],"version-history":[{"count":1,"href":"https:\/\/obender.eu\/en\/wp-json\/wp\/v2\/product\/31978\/revisions"}],"predecessor-version":[{"id":31979,"href":"https:\/\/obender.eu\/en\/wp-json\/wp\/v2\/product\/31978\/revisions\/31979"}],"wp:featuredmedia":[{"embeddable":true,"href":"https:\/\/obender.eu\/en\/wp-json\/wp\/v2\/media\/31976"}],"wp:attachment":[{"href":"https:\/\/obender.eu\/en\/wp-json\/wp\/v2\/media?parent=31978"}],"wp:term":[{"taxonomy":"product_brand","embeddable":true,"href":"https:\/\/obender.eu\/en\/wp-json\/wp\/v2\/product_brand?post=31978"},{"taxonomy":"product_cat","embeddable":true,"href":"https:\/\/obender.eu\/en\/wp-json\/wp\/v2\/product_cat?post=31978"},{"taxonomy":"product_tag","embeddable":true,"href":"https:\/\/obender.eu\/en\/wp-json\/wp\/v2\/product_tag?post=31978"}],"curies":[{"name":"wp","href":"https:\/\/api.w.org\/{rel}","templated":true}]}}