{"id":32008,"date":"2025-12-20T18:41:04","date_gmt":"2025-12-20T16:41:04","guid":{"rendered":"https:\/\/obender.eu\/toode\/usb-wall-charger-usb-a-24a-black\/"},"modified":"2026-05-09T15:01:41","modified_gmt":"2026-05-09T12:01:41","slug":"usb-wall-charger-usb-a-24a-black","status":"publish","type":"product","link":"https:\/\/obender.eu\/en\/toode\/usb-wall-charger-usb-a-24a-black\/","title":{"rendered":"USB wall charger USB-A 2,4A black"},"content":{"rendered":"<p>USB wall chaerger 2,4A<\/p>\n<p>Product code: HC1640<\/p>\n<p>EAN: 8435719626197<\/p>\n<p>USB-A, 110-240V<\/p>\n<p>5V\/2,4A<\/p>\n","protected":false},"excerpt":{"rendered":"<p>USB wall chaerger 2,4A Product code: HC1640 EAN: 8435719626197 USB-A, 110-240V 5V\/2,4A<\/p>\n","protected":false},"featured_media":32004,"template":"","meta":[],"product_brand":[],"product_cat":[299,390],"product_tag":[1637],"class_list":{"0":"post-32008","1":"product","2":"type-product","3":"status-publish","4":"has-post-thumbnail","6":"product_cat-phone-holders-and-chargers","7":"product_cat-smartphone-chargers-12v-240v","8":"product_tag-wall-charger","10":"first","11":"instock","12":"taxable","13":"shipping-taxable","14":"purchasable","15":"product-type-simple"},"yoast_head":"<!-- This site is optimized with the Yoast SEO Premium plugin v20.0 (Yoast SEO v27.5) - https:\/\/yoast.com\/product\/yoast-seo-premium-wordpress\/ -->\n<title>USB wall charger USB-A 2,4A black - Obender<\/title>\n<meta name=\"robots\" content=\"index, follow, max-snippet:-1, max-image-preview:large, max-video-preview:-1\" \/>\n<link rel=\"canonical\" href=\"https:\/\/obender.eu\/en\/toode\/usb-wall-charger-usb-a-24a-black\/\" \/>\n<meta property=\"og:locale\" content=\"en_US\" \/>\n<meta property=\"og:type\" content=\"article\" \/>\n<meta property=\"og:title\" content=\"USB wall charger USB-A 2,4A black\" \/>\n<meta property=\"og:description\" content=\"USB wall chaerger 2,4A Product code: HC1640 EAN: 8435719626197 USB-A, 110-240V 5V\/2,4A\" \/>\n<meta property=\"og:url\" content=\"https:\/\/obender.eu\/en\/toode\/usb-wall-charger-usb-a-24a-black\/\" \/>\n<meta property=\"og:site_name\" content=\"Obender\" \/>\n<meta property=\"article:modified_time\" content=\"2026-05-09T12:01:41+00:00\" \/>\n<meta property=\"og:image\" content=\"https:\/\/obender.eu\/wp-content\/uploads\/2025\/12\/HC1640-B-1.jpg\" \/>\n\t<meta property=\"og:image:width\" content=\"600\" \/>\n\t<meta property=\"og:image:height\" content=\"600\" \/>\n\t<meta property=\"og:image:type\" content=\"image\/jpeg\" \/>\n<meta name=\"twitter:card\" content=\"summary_large_image\" \/>\n<meta name=\"twitter:label1\" content=\"Est. reading time\" \/>\n\t<meta name=\"twitter:data1\" content=\"1 minute\" \/>\n<script type=\"application\/ld+json\" class=\"yoast-schema-graph\">{\"@context\":\"https:\\\/\\\/schema.org\",\"@graph\":[{\"@type\":\"WebPage\",\"@id\":\"https:\\\/\\\/obender.eu\\\/en\\\/toode\\\/usb-wall-charger-usb-a-24a-black\\\/\",\"url\":\"https:\\\/\\\/obender.eu\\\/en\\\/toode\\\/usb-wall-charger-usb-a-24a-black\\\/\",\"name\":\"USB wall charger USB-A 2,4A black - Obender\",\"isPartOf\":{\"@id\":\"https:\\\/\\\/www.obender.eu\\\/#website\"},\"primaryImageOfPage\":{\"@id\":\"https:\\\/\\\/obender.eu\\\/en\\\/toode\\\/usb-wall-charger-usb-a-24a-black\\\/#primaryimage\"},\"image\":{\"@id\":\"https:\\\/\\\/obender.eu\\\/en\\\/toode\\\/usb-wall-charger-usb-a-24a-black\\\/#primaryimage\"},\"thumbnailUrl\":\"https:\\\/\\\/obender.eu\\\/wp-content\\\/uploads\\\/2025\\\/12\\\/HC1640-B-1.jpg\",\"datePublished\":\"2025-12-20T16:41:04+00:00\",\"dateModified\":\"2026-05-09T12:01:41+00:00\",\"breadcrumb\":{\"@id\":\"https:\\\/\\\/obender.eu\\\/en\\\/toode\\\/usb-wall-charger-usb-a-24a-black\\\/#breadcrumb\"},\"inLanguage\":\"en-US\",\"potentialAction\":[{\"@type\":\"ReadAction\",\"target\":[\"https:\\\/\\\/obender.eu\\\/en\\\/toode\\\/usb-wall-charger-usb-a-24a-black\\\/\"]}]},{\"@type\":\"ImageObject\",\"inLanguage\":\"en-US\",\"@id\":\"https:\\\/\\\/obender.eu\\\/en\\\/toode\\\/usb-wall-charger-usb-a-24a-black\\\/#primaryimage\",\"url\":\"https:\\\/\\\/obender.eu\\\/wp-content\\\/uploads\\\/2025\\\/12\\\/HC1640-B-1.jpg\",\"contentUrl\":\"https:\\\/\\\/obender.eu\\\/wp-content\\\/uploads\\\/2025\\\/12\\\/HC1640-B-1.jpg\",\"width\":600,\"height\":600},{\"@type\":\"BreadcrumbList\",\"@id\":\"https:\\\/\\\/obender.eu\\\/en\\\/toode\\\/usb-wall-charger-usb-a-24a-black\\\/#breadcrumb\",\"itemListElement\":[{\"@type\":\"ListItem\",\"position\":1,\"name\":\"Home\",\"item\":\"https:\\\/\\\/obender.eu\\\/en\\\/\"},{\"@type\":\"ListItem\",\"position\":2,\"name\":\"Tooted\",\"item\":\"https:\\\/\\\/www.obender.eu\\\/tooted\\\/\"},{\"@type\":\"ListItem\",\"position\":3,\"name\":\"USB wall charger USB-A 2,4A black\"}]},{\"@type\":\"WebSite\",\"@id\":\"https:\\\/\\\/www.obender.eu\\\/#website\",\"url\":\"https:\\\/\\\/www.obender.eu\\\/\",\"name\":\"Obender\",\"description\":\"T\u00f6\u00f6stuskaupade hulgim\u00fc\u00fck\",\"potentialAction\":[{\"@type\":\"SearchAction\",\"target\":{\"@type\":\"EntryPoint\",\"urlTemplate\":\"https:\\\/\\\/www.obender.eu\\\/?s={search_term_string}\"},\"query-input\":{\"@type\":\"PropertyValueSpecification\",\"valueRequired\":true,\"valueName\":\"search_term_string\"}}],\"inLanguage\":\"en-US\"}]}<\/script>\n<!-- \/ Yoast SEO Premium plugin. -->","yoast_head_json":{"title":"USB wall charger USB-A 2,4A black - Obender","robots":{"index":"index","follow":"follow","max-snippet":"max-snippet:-1","max-image-preview":"max-image-preview:large","max-video-preview":"max-video-preview:-1"},"canonical":"https:\/\/obender.eu\/en\/toode\/usb-wall-charger-usb-a-24a-black\/","og_locale":"en_US","og_type":"article","og_title":"USB wall charger USB-A 2,4A black","og_description":"USB wall chaerger 2,4A Product code: HC1640 EAN: 8435719626197 USB-A, 110-240V 5V\/2,4A","og_url":"https:\/\/obender.eu\/en\/toode\/usb-wall-charger-usb-a-24a-black\/","og_site_name":"Obender","article_modified_time":"2026-05-09T12:01:41+00:00","og_image":[{"width":600,"height":600,"url":"https:\/\/obender.eu\/wp-content\/uploads\/2025\/12\/HC1640-B-1.jpg","type":"image\/jpeg"}],"twitter_card":"summary_large_image","twitter_misc":{"Est. reading time":"1 minute"},"schema":{"@context":"https:\/\/schema.org","@graph":[{"@type":"WebPage","@id":"https:\/\/obender.eu\/en\/toode\/usb-wall-charger-usb-a-24a-black\/","url":"https:\/\/obender.eu\/en\/toode\/usb-wall-charger-usb-a-24a-black\/","name":"USB wall charger USB-A 2,4A black - Obender","isPartOf":{"@id":"https:\/\/www.obender.eu\/#website"},"primaryImageOfPage":{"@id":"https:\/\/obender.eu\/en\/toode\/usb-wall-charger-usb-a-24a-black\/#primaryimage"},"image":{"@id":"https:\/\/obender.eu\/en\/toode\/usb-wall-charger-usb-a-24a-black\/#primaryimage"},"thumbnailUrl":"https:\/\/obender.eu\/wp-content\/uploads\/2025\/12\/HC1640-B-1.jpg","datePublished":"2025-12-20T16:41:04+00:00","dateModified":"2026-05-09T12:01:41+00:00","breadcrumb":{"@id":"https:\/\/obender.eu\/en\/toode\/usb-wall-charger-usb-a-24a-black\/#breadcrumb"},"inLanguage":"en-US","potentialAction":[{"@type":"ReadAction","target":["https:\/\/obender.eu\/en\/toode\/usb-wall-charger-usb-a-24a-black\/"]}]},{"@type":"ImageObject","inLanguage":"en-US","@id":"https:\/\/obender.eu\/en\/toode\/usb-wall-charger-usb-a-24a-black\/#primaryimage","url":"https:\/\/obender.eu\/wp-content\/uploads\/2025\/12\/HC1640-B-1.jpg","contentUrl":"https:\/\/obender.eu\/wp-content\/uploads\/2025\/12\/HC1640-B-1.jpg","width":600,"height":600},{"@type":"BreadcrumbList","@id":"https:\/\/obender.eu\/en\/toode\/usb-wall-charger-usb-a-24a-black\/#breadcrumb","itemListElement":[{"@type":"ListItem","position":1,"name":"Home","item":"https:\/\/obender.eu\/en\/"},{"@type":"ListItem","position":2,"name":"Tooted","item":"https:\/\/www.obender.eu\/tooted\/"},{"@type":"ListItem","position":3,"name":"USB wall charger USB-A 2,4A black"}]},{"@type":"WebSite","@id":"https:\/\/www.obender.eu\/#website","url":"https:\/\/www.obender.eu\/","name":"Obender","description":"T\u00f6\u00f6stuskaupade hulgim\u00fc\u00fck","potentialAction":[{"@type":"SearchAction","target":{"@type":"EntryPoint","urlTemplate":"https:\/\/www.obender.eu\/?s={search_term_string}"},"query-input":{"@type":"PropertyValueSpecification","valueRequired":true,"valueName":"search_term_string"}}],"inLanguage":"en-US"}]}},"_links":{"self":[{"href":"https:\/\/obender.eu\/en\/wp-json\/wp\/v2\/product\/32008","targetHints":{"allow":["GET"]}}],"collection":[{"href":"https:\/\/obender.eu\/en\/wp-json\/wp\/v2\/product"}],"about":[{"href":"https:\/\/obender.eu\/en\/wp-json\/wp\/v2\/types\/product"}],"version-history":[{"count":1,"href":"https:\/\/obender.eu\/en\/wp-json\/wp\/v2\/product\/32008\/revisions"}],"predecessor-version":[{"id":32013,"href":"https:\/\/obender.eu\/en\/wp-json\/wp\/v2\/product\/32008\/revisions\/32013"}],"wp:featuredmedia":[{"embeddable":true,"href":"https:\/\/obender.eu\/en\/wp-json\/wp\/v2\/media\/32004"}],"wp:attachment":[{"href":"https:\/\/obender.eu\/en\/wp-json\/wp\/v2\/media?parent=32008"}],"wp:term":[{"taxonomy":"product_brand","embeddable":true,"href":"https:\/\/obender.eu\/en\/wp-json\/wp\/v2\/product_brand?post=32008"},{"taxonomy":"product_cat","embeddable":true,"href":"https:\/\/obender.eu\/en\/wp-json\/wp\/v2\/product_cat?post=32008"},{"taxonomy":"product_tag","embeddable":true,"href":"https:\/\/obender.eu\/en\/wp-json\/wp\/v2\/product_tag?post=32008"}],"curies":[{"name":"wp","href":"https:\/\/api.w.org\/{rel}","templated":true}]}}