{"id":32032,"date":"2025-12-21T10:17:13","date_gmt":"2025-12-21T08:17:13","guid":{"rendered":"https:\/\/obender.eu\/toode\/data-cable-st-90338-usb-c-12m-grey\/"},"modified":"2026-05-09T15:00:09","modified_gmt":"2026-05-09T12:00:09","slug":"data-cable-st-90338-usb-c-12m-grey","status":"publish","type":"product","link":"https:\/\/obender.eu\/en\/toode\/data-cable-st-90338-usb-c-12m-grey\/","title":{"rendered":"Data cable ST.90338 USB-C 1,2m grey"},"content":{"rendered":"<p>Data cable ST.90338<\/p>\n<p>Producer: Saatchitech<\/p>\n<p>EAN: 8068020509707<\/p>\n<p>USB-A &#8211; Type-C<\/p>\n<p>5V 2,4A 1,2m<\/p>\n<p>metallic plugs.<\/p>\n","protected":false},"excerpt":{"rendered":"<p>Data cable ST.90338 Producer: Saatchitech EAN: 8068020509707 USB-A &#8211; Type-C 5V 2,4A 1,2m metallic plugs.<\/p>\n","protected":false},"featured_media":32030,"template":"","meta":[],"product_brand":[],"product_cat":[299,393],"product_tag":[540,1248,701,1470,1471],"class_list":{"0":"post-32032","1":"product","2":"type-product","3":"status-publish","4":"has-post-thumbnail","6":"product_cat-phone-holders-and-chargers","7":"product_cat-smartphone-cables","8":"product_tag-data-cable-2-en","9":"product_tag-datakaabel-en","10":"product_tag-saatchitech-en","11":"product_tag-type-c-en","12":"product_tag-usb-c-en","14":"first","15":"outofstock","16":"taxable","17":"shipping-taxable","18":"purchasable","19":"product-type-simple"},"yoast_head":"<!-- This site is optimized with the Yoast SEO Premium plugin v20.0 (Yoast SEO v27.5) - https:\/\/yoast.com\/product\/yoast-seo-premium-wordpress\/ -->\n<title>Data cable ST.90338 USB-C 1,2m grey data cable usb-c - Obender<\/title>\n<meta name=\"robots\" content=\"index, follow, max-snippet:-1, max-image-preview:large, max-video-preview:-1\" \/>\n<link rel=\"canonical\" href=\"https:\/\/obender.eu\/en\/toode\/data-cable-st-90338-usb-c-12m-grey\/\" \/>\n<meta property=\"og:locale\" content=\"en_US\" \/>\n<meta property=\"og:type\" content=\"article\" \/>\n<meta property=\"og:title\" content=\"Data cable ST.90338 USB-C 1,2m grey\" \/>\n<meta property=\"og:description\" content=\"Data cable ST.90338 Producer: Saatchitech EAN: 8068020509707 USB-A &#8211; Type-C 5V 2,4A 1,2m metallic plugs.\" \/>\n<meta property=\"og:url\" content=\"https:\/\/obender.eu\/en\/toode\/data-cable-st-90338-usb-c-12m-grey\/\" \/>\n<meta property=\"og:site_name\" content=\"Obender\" \/>\n<meta property=\"article:modified_time\" content=\"2026-05-09T12:00:09+00:00\" \/>\n<meta property=\"og:image\" content=\"https:\/\/obender.eu\/wp-content\/uploads\/2025\/12\/ST_90338G-8068020509707.jpg\" \/>\n\t<meta property=\"og:image:width\" content=\"1000\" \/>\n\t<meta property=\"og:image:height\" content=\"1000\" \/>\n\t<meta property=\"og:image:type\" content=\"image\/jpeg\" \/>\n<meta name=\"twitter:card\" content=\"summary_large_image\" \/>\n<meta name=\"twitter:label1\" content=\"Est. reading time\" \/>\n\t<meta name=\"twitter:data1\" content=\"1 minute\" \/>\n<script type=\"application\/ld+json\" class=\"yoast-schema-graph\">{\"@context\":\"https:\\\/\\\/schema.org\",\"@graph\":[{\"@type\":\"WebPage\",\"@id\":\"https:\\\/\\\/obender.eu\\\/en\\\/toode\\\/data-cable-st-90338-usb-c-12m-grey\\\/\",\"url\":\"https:\\\/\\\/obender.eu\\\/en\\\/toode\\\/data-cable-st-90338-usb-c-12m-grey\\\/\",\"name\":\"Data cable ST.90338 USB-C 1,2m grey data cable usb-c - Obender\",\"isPartOf\":{\"@id\":\"https:\\\/\\\/www.obender.eu\\\/#website\"},\"primaryImageOfPage\":{\"@id\":\"https:\\\/\\\/obender.eu\\\/en\\\/toode\\\/data-cable-st-90338-usb-c-12m-grey\\\/#primaryimage\"},\"image\":{\"@id\":\"https:\\\/\\\/obender.eu\\\/en\\\/toode\\\/data-cable-st-90338-usb-c-12m-grey\\\/#primaryimage\"},\"thumbnailUrl\":\"https:\\\/\\\/obender.eu\\\/wp-content\\\/uploads\\\/2025\\\/12\\\/ST_90338G-8068020509707.jpg\",\"datePublished\":\"2025-12-21T08:17:13+00:00\",\"dateModified\":\"2026-05-09T12:00:09+00:00\",\"breadcrumb\":{\"@id\":\"https:\\\/\\\/obender.eu\\\/en\\\/toode\\\/data-cable-st-90338-usb-c-12m-grey\\\/#breadcrumb\"},\"inLanguage\":\"en-US\",\"potentialAction\":[{\"@type\":\"ReadAction\",\"target\":[\"https:\\\/\\\/obender.eu\\\/en\\\/toode\\\/data-cable-st-90338-usb-c-12m-grey\\\/\"]}]},{\"@type\":\"ImageObject\",\"inLanguage\":\"en-US\",\"@id\":\"https:\\\/\\\/obender.eu\\\/en\\\/toode\\\/data-cable-st-90338-usb-c-12m-grey\\\/#primaryimage\",\"url\":\"https:\\\/\\\/obender.eu\\\/wp-content\\\/uploads\\\/2025\\\/12\\\/ST_90338G-8068020509707.jpg\",\"contentUrl\":\"https:\\\/\\\/obender.eu\\\/wp-content\\\/uploads\\\/2025\\\/12\\\/ST_90338G-8068020509707.jpg\",\"width\":1000,\"height\":1000},{\"@type\":\"BreadcrumbList\",\"@id\":\"https:\\\/\\\/obender.eu\\\/en\\\/toode\\\/data-cable-st-90338-usb-c-12m-grey\\\/#breadcrumb\",\"itemListElement\":[{\"@type\":\"ListItem\",\"position\":1,\"name\":\"Home\",\"item\":\"https:\\\/\\\/obender.eu\\\/en\\\/\"},{\"@type\":\"ListItem\",\"position\":2,\"name\":\"Tooted\",\"item\":\"https:\\\/\\\/www.obender.eu\\\/tooted\\\/\"},{\"@type\":\"ListItem\",\"position\":3,\"name\":\"Data cable ST.90338 USB-C 1,2m grey\"}]},{\"@type\":\"WebSite\",\"@id\":\"https:\\\/\\\/www.obender.eu\\\/#website\",\"url\":\"https:\\\/\\\/www.obender.eu\\\/\",\"name\":\"Obender\",\"description\":\"T\u00f6\u00f6stuskaupade hulgim\u00fc\u00fck\",\"potentialAction\":[{\"@type\":\"SearchAction\",\"target\":{\"@type\":\"EntryPoint\",\"urlTemplate\":\"https:\\\/\\\/www.obender.eu\\\/?s={search_term_string}\"},\"query-input\":{\"@type\":\"PropertyValueSpecification\",\"valueRequired\":true,\"valueName\":\"search_term_string\"}}],\"inLanguage\":\"en-US\"}]}<\/script>\n<!-- \/ Yoast SEO Premium plugin. -->","yoast_head_json":{"title":"Data cable ST.90338 USB-C 1,2m grey data cable usb-c - Obender","robots":{"index":"index","follow":"follow","max-snippet":"max-snippet:-1","max-image-preview":"max-image-preview:large","max-video-preview":"max-video-preview:-1"},"canonical":"https:\/\/obender.eu\/en\/toode\/data-cable-st-90338-usb-c-12m-grey\/","og_locale":"en_US","og_type":"article","og_title":"Data cable ST.90338 USB-C 1,2m grey","og_description":"Data cable ST.90338 Producer: Saatchitech EAN: 8068020509707 USB-A &#8211; Type-C 5V 2,4A 1,2m metallic plugs.","og_url":"https:\/\/obender.eu\/en\/toode\/data-cable-st-90338-usb-c-12m-grey\/","og_site_name":"Obender","article_modified_time":"2026-05-09T12:00:09+00:00","og_image":[{"width":1000,"height":1000,"url":"https:\/\/obender.eu\/wp-content\/uploads\/2025\/12\/ST_90338G-8068020509707.jpg","type":"image\/jpeg"}],"twitter_card":"summary_large_image","twitter_misc":{"Est. reading time":"1 minute"},"schema":{"@context":"https:\/\/schema.org","@graph":[{"@type":"WebPage","@id":"https:\/\/obender.eu\/en\/toode\/data-cable-st-90338-usb-c-12m-grey\/","url":"https:\/\/obender.eu\/en\/toode\/data-cable-st-90338-usb-c-12m-grey\/","name":"Data cable ST.90338 USB-C 1,2m grey data cable usb-c - Obender","isPartOf":{"@id":"https:\/\/www.obender.eu\/#website"},"primaryImageOfPage":{"@id":"https:\/\/obender.eu\/en\/toode\/data-cable-st-90338-usb-c-12m-grey\/#primaryimage"},"image":{"@id":"https:\/\/obender.eu\/en\/toode\/data-cable-st-90338-usb-c-12m-grey\/#primaryimage"},"thumbnailUrl":"https:\/\/obender.eu\/wp-content\/uploads\/2025\/12\/ST_90338G-8068020509707.jpg","datePublished":"2025-12-21T08:17:13+00:00","dateModified":"2026-05-09T12:00:09+00:00","breadcrumb":{"@id":"https:\/\/obender.eu\/en\/toode\/data-cable-st-90338-usb-c-12m-grey\/#breadcrumb"},"inLanguage":"en-US","potentialAction":[{"@type":"ReadAction","target":["https:\/\/obender.eu\/en\/toode\/data-cable-st-90338-usb-c-12m-grey\/"]}]},{"@type":"ImageObject","inLanguage":"en-US","@id":"https:\/\/obender.eu\/en\/toode\/data-cable-st-90338-usb-c-12m-grey\/#primaryimage","url":"https:\/\/obender.eu\/wp-content\/uploads\/2025\/12\/ST_90338G-8068020509707.jpg","contentUrl":"https:\/\/obender.eu\/wp-content\/uploads\/2025\/12\/ST_90338G-8068020509707.jpg","width":1000,"height":1000},{"@type":"BreadcrumbList","@id":"https:\/\/obender.eu\/en\/toode\/data-cable-st-90338-usb-c-12m-grey\/#breadcrumb","itemListElement":[{"@type":"ListItem","position":1,"name":"Home","item":"https:\/\/obender.eu\/en\/"},{"@type":"ListItem","position":2,"name":"Tooted","item":"https:\/\/www.obender.eu\/tooted\/"},{"@type":"ListItem","position":3,"name":"Data cable ST.90338 USB-C 1,2m grey"}]},{"@type":"WebSite","@id":"https:\/\/www.obender.eu\/#website","url":"https:\/\/www.obender.eu\/","name":"Obender","description":"T\u00f6\u00f6stuskaupade hulgim\u00fc\u00fck","potentialAction":[{"@type":"SearchAction","target":{"@type":"EntryPoint","urlTemplate":"https:\/\/www.obender.eu\/?s={search_term_string}"},"query-input":{"@type":"PropertyValueSpecification","valueRequired":true,"valueName":"search_term_string"}}],"inLanguage":"en-US"}]}},"_links":{"self":[{"href":"https:\/\/obender.eu\/en\/wp-json\/wp\/v2\/product\/32032","targetHints":{"allow":["GET"]}}],"collection":[{"href":"https:\/\/obender.eu\/en\/wp-json\/wp\/v2\/product"}],"about":[{"href":"https:\/\/obender.eu\/en\/wp-json\/wp\/v2\/types\/product"}],"version-history":[{"count":1,"href":"https:\/\/obender.eu\/en\/wp-json\/wp\/v2\/product\/32032\/revisions"}],"predecessor-version":[{"id":32040,"href":"https:\/\/obender.eu\/en\/wp-json\/wp\/v2\/product\/32032\/revisions\/32040"}],"wp:featuredmedia":[{"embeddable":true,"href":"https:\/\/obender.eu\/en\/wp-json\/wp\/v2\/media\/32030"}],"wp:attachment":[{"href":"https:\/\/obender.eu\/en\/wp-json\/wp\/v2\/media?parent=32032"}],"wp:term":[{"taxonomy":"product_brand","embeddable":true,"href":"https:\/\/obender.eu\/en\/wp-json\/wp\/v2\/product_brand?post=32032"},{"taxonomy":"product_cat","embeddable":true,"href":"https:\/\/obender.eu\/en\/wp-json\/wp\/v2\/product_cat?post=32032"},{"taxonomy":"product_tag","embeddable":true,"href":"https:\/\/obender.eu\/en\/wp-json\/wp\/v2\/product_tag?post=32032"}],"curies":[{"name":"wp","href":"https:\/\/api.w.org\/{rel}","templated":true}]}}