{"id":32105,"date":"2026-02-18T14:54:02","date_gmt":"2026-02-18T12:54:02","guid":{"rendered":"https:\/\/obender.eu\/toode\/taskulamp-entac-8w-zoom\/"},"modified":"2026-04-05T15:00:42","modified_gmt":"2026-04-05T12:00:42","slug":"taskulamp-entac-8w-zoom","status":"publish","type":"product","link":"https:\/\/obender.eu\/en\/toode\/taskulamp-entac-8w-zoom\/","title":{"rendered":"Flashlight Entac 8W zoom"},"content":{"rendered":"<p>Flashlight Entac 8W zoom<\/p>\n<p>Product code: EFL-ZOOM-8W-ALU<\/p>\n<p>EAN: 5999097904986<\/p>\n<p>Description:<\/p>\n<p>Light source 8W, max 700lm, XM-L T6 8W+COB LED (ring)<\/p>\n<p>IP65<\/p>\n<p>Distance max 360m<\/p>\n<p>4 different light modes (100%-50\u20ac-strobe-ring)<\/p>\n<p>Body aluminium<\/p>\n<p>Energy source: 1x 18650 rechargeable battery included, or 3x AAA batteries or rechargeable batteries (adapter included)<\/p>\n<p>Charger included<\/p>\n<p>Charging time: 18650 1200mAh up to 8h; AAA NiMH 900mAh up to 9h.<\/p>\n<p>Measures: 155x40x31,5mm<\/p>\n<p>Net weight 145g<\/p>\n","protected":false},"excerpt":{"rendered":"<p>Flashlight Entac 8W zoom Product code: EFL-ZOOM-8W-ALU EAN: 5999097904986 Description: Light source 8W, max 700lm, XM-L T6 8W+COB LED (ring)<\/p>\n","protected":false},"featured_media":14639,"template":"","meta":[],"product_brand":[],"product_cat":[402,307,335],"product_tag":[835,603,605,604],"class_list":{"0":"post-32105","1":"product","2":"type-product","3":"status-publish","4":"has-post-thumbnail","6":"product_cat-camping-lights","7":"product_cat-flashlights","8":"product_cat-sports-and-leisure","9":"product_tag-18650-en","10":"product_tag-entac-en","11":"product_tag-flashlight-en","12":"product_tag-taskulamp-en","14":"first","15":"instock","16":"taxable","17":"shipping-taxable","18":"purchasable","19":"product-type-simple"},"yoast_head":"<!-- This site is optimized with the Yoast SEO Premium plugin v20.0 (Yoast SEO v27.3) - https:\/\/yoast.com\/product\/yoast-seo-premium-wordpress\/ -->\n<title>Flashlight Entac 8W zoomFlashlight Entac 8W - Obender<\/title>\n<meta name=\"robots\" content=\"index, follow, max-snippet:-1, max-image-preview:large, max-video-preview:-1\" \/>\n<link rel=\"canonical\" href=\"https:\/\/obender.eu\/toode\/taskulamp-entac-8w-zoom\/\" \/>\n<meta property=\"og:locale\" content=\"en_US\" \/>\n<meta property=\"og:type\" content=\"article\" \/>\n<meta property=\"og:title\" content=\"Flashlight Entac 8W zoom\" \/>\n<meta property=\"og:description\" content=\"Flashlight Entac 8W zoom Product code: EFL-ZOOM-8W-ALU EAN: 5999097904986 Description: Light source 8W, max 700lm, XM-L T6 8W+COB LED (ring)\" \/>\n<meta property=\"og:url\" content=\"https:\/\/obender.eu\/toode\/taskulamp-entac-8w-zoom\/\" \/>\n<meta property=\"og:site_name\" content=\"Obender\" \/>\n<meta property=\"article:modified_time\" content=\"2026-04-05T12:00:42+00:00\" \/>\n<meta property=\"og:image\" content=\"https:\/\/www.obender.eu\/wp-content\/uploads\/2020\/10\/5999097904986.jpg\" \/>\n\t<meta property=\"og:image:width\" content=\"500\" \/>\n\t<meta property=\"og:image:height\" content=\"500\" \/>\n\t<meta property=\"og:image:type\" content=\"image\/jpeg\" \/>\n<meta name=\"twitter:card\" content=\"summary_large_image\" \/>\n<meta name=\"twitter:label1\" content=\"Est. reading time\" \/>\n\t<meta name=\"twitter:data1\" content=\"1 minute\" \/>\n<script type=\"application\/ld+json\" class=\"yoast-schema-graph\">{\"@context\":\"https:\\\/\\\/schema.org\",\"@graph\":[{\"@type\":\"WebPage\",\"@id\":\"https:\\\/\\\/obender.eu\\\/toode\\\/taskulamp-entac-8w-zoom\\\/\",\"url\":\"https:\\\/\\\/obender.eu\\\/toode\\\/taskulamp-entac-8w-zoom\\\/\",\"name\":\"Flashlight Entac 8W zoomFlashlight Entac 8W - Obender\",\"isPartOf\":{\"@id\":\"https:\\\/\\\/www.obender.eu\\\/#website\"},\"primaryImageOfPage\":{\"@id\":\"https:\\\/\\\/obender.eu\\\/toode\\\/taskulamp-entac-8w-zoom\\\/#primaryimage\"},\"image\":{\"@id\":\"https:\\\/\\\/obender.eu\\\/toode\\\/taskulamp-entac-8w-zoom\\\/#primaryimage\"},\"thumbnailUrl\":\"https:\\\/\\\/obender.eu\\\/wp-content\\\/uploads\\\/2020\\\/10\\\/5999097904986.jpg\",\"datePublished\":\"2026-02-18T12:54:02+00:00\",\"dateModified\":\"2026-04-05T12:00:42+00:00\",\"breadcrumb\":{\"@id\":\"https:\\\/\\\/obender.eu\\\/toode\\\/taskulamp-entac-8w-zoom\\\/#breadcrumb\"},\"inLanguage\":\"en-US\",\"potentialAction\":[{\"@type\":\"ReadAction\",\"target\":[\"https:\\\/\\\/obender.eu\\\/toode\\\/taskulamp-entac-8w-zoom\\\/\"]}]},{\"@type\":\"ImageObject\",\"inLanguage\":\"en-US\",\"@id\":\"https:\\\/\\\/obender.eu\\\/toode\\\/taskulamp-entac-8w-zoom\\\/#primaryimage\",\"url\":\"https:\\\/\\\/obender.eu\\\/wp-content\\\/uploads\\\/2020\\\/10\\\/5999097904986.jpg\",\"contentUrl\":\"https:\\\/\\\/obender.eu\\\/wp-content\\\/uploads\\\/2020\\\/10\\\/5999097904986.jpg\",\"width\":500,\"height\":500},{\"@type\":\"BreadcrumbList\",\"@id\":\"https:\\\/\\\/obender.eu\\\/toode\\\/taskulamp-entac-8w-zoom\\\/#breadcrumb\",\"itemListElement\":[{\"@type\":\"ListItem\",\"position\":1,\"name\":\"Home\",\"item\":\"https:\\\/\\\/obender.eu\\\/en\\\/\"},{\"@type\":\"ListItem\",\"position\":2,\"name\":\"Tooted\",\"item\":\"https:\\\/\\\/www.obender.eu\\\/tooted\\\/\"},{\"@type\":\"ListItem\",\"position\":3,\"name\":\"Flashlight Entac 8W zoom\"}]},{\"@type\":\"WebSite\",\"@id\":\"https:\\\/\\\/www.obender.eu\\\/#website\",\"url\":\"https:\\\/\\\/www.obender.eu\\\/\",\"name\":\"Obender\",\"description\":\"T\u00f6\u00f6stuskaupade hulgim\u00fc\u00fck\",\"potentialAction\":[{\"@type\":\"SearchAction\",\"target\":{\"@type\":\"EntryPoint\",\"urlTemplate\":\"https:\\\/\\\/www.obender.eu\\\/?s={search_term_string}\"},\"query-input\":{\"@type\":\"PropertyValueSpecification\",\"valueRequired\":true,\"valueName\":\"search_term_string\"}}],\"inLanguage\":\"en-US\"}]}<\/script>\n<!-- \/ Yoast SEO Premium plugin. -->","yoast_head_json":{"title":"Flashlight Entac 8W zoomFlashlight Entac 8W - Obender","robots":{"index":"index","follow":"follow","max-snippet":"max-snippet:-1","max-image-preview":"max-image-preview:large","max-video-preview":"max-video-preview:-1"},"canonical":"https:\/\/obender.eu\/toode\/taskulamp-entac-8w-zoom\/","og_locale":"en_US","og_type":"article","og_title":"Flashlight Entac 8W zoom","og_description":"Flashlight Entac 8W zoom Product code: EFL-ZOOM-8W-ALU EAN: 5999097904986 Description: Light source 8W, max 700lm, XM-L T6 8W+COB LED (ring)","og_url":"https:\/\/obender.eu\/toode\/taskulamp-entac-8w-zoom\/","og_site_name":"Obender","article_modified_time":"2026-04-05T12:00:42+00:00","og_image":[{"width":500,"height":500,"url":"https:\/\/www.obender.eu\/wp-content\/uploads\/2020\/10\/5999097904986.jpg","type":"image\/jpeg"}],"twitter_card":"summary_large_image","twitter_misc":{"Est. reading time":"1 minute"},"schema":{"@context":"https:\/\/schema.org","@graph":[{"@type":"WebPage","@id":"https:\/\/obender.eu\/toode\/taskulamp-entac-8w-zoom\/","url":"https:\/\/obender.eu\/toode\/taskulamp-entac-8w-zoom\/","name":"Flashlight Entac 8W zoomFlashlight Entac 8W - Obender","isPartOf":{"@id":"https:\/\/www.obender.eu\/#website"},"primaryImageOfPage":{"@id":"https:\/\/obender.eu\/toode\/taskulamp-entac-8w-zoom\/#primaryimage"},"image":{"@id":"https:\/\/obender.eu\/toode\/taskulamp-entac-8w-zoom\/#primaryimage"},"thumbnailUrl":"https:\/\/obender.eu\/wp-content\/uploads\/2020\/10\/5999097904986.jpg","datePublished":"2026-02-18T12:54:02+00:00","dateModified":"2026-04-05T12:00:42+00:00","breadcrumb":{"@id":"https:\/\/obender.eu\/toode\/taskulamp-entac-8w-zoom\/#breadcrumb"},"inLanguage":"en-US","potentialAction":[{"@type":"ReadAction","target":["https:\/\/obender.eu\/toode\/taskulamp-entac-8w-zoom\/"]}]},{"@type":"ImageObject","inLanguage":"en-US","@id":"https:\/\/obender.eu\/toode\/taskulamp-entac-8w-zoom\/#primaryimage","url":"https:\/\/obender.eu\/wp-content\/uploads\/2020\/10\/5999097904986.jpg","contentUrl":"https:\/\/obender.eu\/wp-content\/uploads\/2020\/10\/5999097904986.jpg","width":500,"height":500},{"@type":"BreadcrumbList","@id":"https:\/\/obender.eu\/toode\/taskulamp-entac-8w-zoom\/#breadcrumb","itemListElement":[{"@type":"ListItem","position":1,"name":"Home","item":"https:\/\/obender.eu\/en\/"},{"@type":"ListItem","position":2,"name":"Tooted","item":"https:\/\/www.obender.eu\/tooted\/"},{"@type":"ListItem","position":3,"name":"Flashlight Entac 8W zoom"}]},{"@type":"WebSite","@id":"https:\/\/www.obender.eu\/#website","url":"https:\/\/www.obender.eu\/","name":"Obender","description":"T\u00f6\u00f6stuskaupade hulgim\u00fc\u00fck","potentialAction":[{"@type":"SearchAction","target":{"@type":"EntryPoint","urlTemplate":"https:\/\/www.obender.eu\/?s={search_term_string}"},"query-input":{"@type":"PropertyValueSpecification","valueRequired":true,"valueName":"search_term_string"}}],"inLanguage":"en-US"}]}},"_links":{"self":[{"href":"https:\/\/obender.eu\/en\/wp-json\/wp\/v2\/product\/32105","targetHints":{"allow":["GET"]}}],"collection":[{"href":"https:\/\/obender.eu\/en\/wp-json\/wp\/v2\/product"}],"about":[{"href":"https:\/\/obender.eu\/en\/wp-json\/wp\/v2\/types\/product"}],"version-history":[{"count":1,"href":"https:\/\/obender.eu\/en\/wp-json\/wp\/v2\/product\/32105\/revisions"}],"predecessor-version":[{"id":32106,"href":"https:\/\/obender.eu\/en\/wp-json\/wp\/v2\/product\/32105\/revisions\/32106"}],"wp:featuredmedia":[{"embeddable":true,"href":"https:\/\/obender.eu\/en\/wp-json\/wp\/v2\/media\/14639"}],"wp:attachment":[{"href":"https:\/\/obender.eu\/en\/wp-json\/wp\/v2\/media?parent=32105"}],"wp:term":[{"taxonomy":"product_brand","embeddable":true,"href":"https:\/\/obender.eu\/en\/wp-json\/wp\/v2\/product_brand?post=32105"},{"taxonomy":"product_cat","embeddable":true,"href":"https:\/\/obender.eu\/en\/wp-json\/wp\/v2\/product_cat?post=32105"},{"taxonomy":"product_tag","embeddable":true,"href":"https:\/\/obender.eu\/en\/wp-json\/wp\/v2\/product_tag?post=32105"}],"curies":[{"name":"wp","href":"https:\/\/api.w.org\/{rel}","templated":true}]}}